{"id":2532,"date":"2025-06-02T10:05:06","date_gmt":"2025-06-02T10:05:06","guid":{"rendered":"https:\/\/nuiapmt.ee\/hyodyllista-tietaa\/"},"modified":"2025-08-13T11:54:00","modified_gmt":"2025-08-13T11:54:00","slug":"hyodyllista-tietaa","status":"publish","type":"page","link":"https:\/\/nuiapmt.ee\/fi\/hyodyllista-tietaa\/","title":{"rendered":"Hy\u00f6dyllist\u00e4 tiet\u00e4\u00e4"},"content":{"rendered":"\t\t<div data-elementor-type=\"wp-page\" data-elementor-id=\"2532\" class=\"elementor elementor-2532 elementor-1557\" data-elementor-post-type=\"page\">\n\t\t\t\t<div class=\"elementor-element elementor-element-148afe4 e-con-full e-flex e-con e-parent\" data-id=\"148afe4\" data-element_type=\"container\" data-e-type=\"container\" data-settings=\"{&quot;background_background&quot;:&quot;classic&quot;}\">\n\t\t<div class=\"elementor-element elementor-element-f3ea58a e-con-full e-flex e-con e-child\" data-id=\"f3ea58a\" data-element_type=\"container\" data-e-type=\"container\">\n\t\t\t\t<div class=\"elementor-element elementor-element-a79d668 elementor-widget-divider--view-line elementor-widget elementor-widget-divider\" data-id=\"a79d668\" data-element_type=\"widget\" data-e-type=\"widget\" data-widget_type=\"divider.default\">\n\t\t\t\t<div class=\"elementor-widget-container\">\n\t\t\t\t\t\t\t<div class=\"elementor-divider\">\n\t\t\t<span class=\"elementor-divider-separator\">\n\t\t\t\t\t\t<\/span>\n\t\t<\/div>\n\t\t\t\t\t\t<\/div>\n\t\t\t\t<\/div>\n\t\t\t\t<div class=\"elementor-element elementor-element-f3cb5aa elementor-widget elementor-widget-text-editor\" data-id=\"f3cb5aa\" data-element_type=\"widget\" data-e-type=\"widget\" data-widget_type=\"text-editor.default\">\n\t\t\t\t<div class=\"elementor-widget-container\">\n\t\t\t\t\t\t\t\t\t<p>Oikea k\u00e4ytt\u00f6 ja s\u00e4\u00e4nn\u00f6llinen huolto ovat hydraulisylinterien luotettavuuden ja pitk\u00e4n k\u00e4ytt\u00f6i\u00e4n perusta.<\/p>\n\t\t\t\t\t\t\t\t<\/div>\n\t\t\t\t<\/div>\n\t\t\t\t<\/div>\n\t\t\t\t<\/div>\n\t\t<div class=\"elementor-element elementor-element-23a7374 e-flex e-con-boxed e-con e-parent\" data-id=\"23a7374\" data-element_type=\"container\" data-e-type=\"container\">\n\t\t\t\t\t<div class=\"e-con-inner\">\n\t\t<div class=\"elementor-element elementor-element-1cb5843 e-con-full e-flex e-con e-child\" data-id=\"1cb5843\" data-element_type=\"container\" data-e-type=\"container\">\n\t\t\t\t<div class=\"elementor-element elementor-element-0803981 elementor-widget-divider--view-line_text elementor-widget-divider--element-align-right elementor-invisible elementor-widget elementor-widget-divider\" data-id=\"0803981\" data-element_type=\"widget\" data-e-type=\"widget\" data-settings=\"{&quot;_animation&quot;:&quot;fadeInUp&quot;}\" data-widget_type=\"divider.default\">\n\t\t\t\t<div class=\"elementor-widget-container\">\n\t\t\t\t\t\t\t<div class=\"elementor-divider\">\n\t\t\t<span class=\"elementor-divider-separator\">\n\t\t\t\t\t\t\t<span class=\"elementor-divider__text elementor-divider__element\">\n\t\t\t\tOppaat ja takuu\t\t\t\t<\/span>\n\t\t\t\t\t\t<\/span>\n\t\t<\/div>\n\t\t\t\t\t\t<\/div>\n\t\t\t\t<\/div>\n\t\t\t\t<div class=\"elementor-element elementor-element-0cdc425 elementor-invisible elementor-widget elementor-widget-heading\" data-id=\"0cdc425\" data-element_type=\"widget\" data-e-type=\"widget\" data-settings=\"{&quot;_animation&quot;:&quot;fadeInUp&quot;,&quot;_animation_delay&quot;:200}\" data-widget_type=\"heading.default\">\n\t\t\t\t<div class=\"elementor-widget-container\">\n\t\t\t\t\t<h2 class=\"elementor-heading-title elementor-size-default\">T\u00e4rkeit\u00e4 asiakirjoja<\/h2>\t\t\t\t<\/div>\n\t\t\t\t<\/div>\n\t\t\t\t<\/div>\n\t\t<div class=\"elementor-element elementor-element-32255bd e-con-full e-flex e-con e-child\" data-id=\"32255bd\" data-element_type=\"container\" data-e-type=\"container\">\n\t\t<div class=\"elementor-element elementor-element-539a905 e-con-full e-flex e-con e-child\" data-id=\"539a905\" data-element_type=\"container\" data-e-type=\"container\">\n\t\t<div class=\"elementor-element elementor-element-cb8a39e e-con-full e-flex e-con e-child\" data-id=\"cb8a39e\" data-element_type=\"container\" data-e-type=\"container\">\n\t\t\t\t<div data-premium-element-link=\"{&quot;type&quot;:&quot;url&quot;,&quot;link&quot;:{&quot;url&quot;:&quot;https:\\\/\\\/nuiapmt.ee\\\/wp-content\\\/uploads\\\/2025\\\/07\\\/Sylinterien-kaytto-ja-huolto-opas.pdf&quot;,&quot;is_external&quot;:&quot;on&quot;,&quot;nofollow&quot;:&quot;&quot;,&quot;custom_attributes&quot;:&quot;&quot;},&quot;href&quot;:&quot;https:\\\/\\\/nuiapmt.ee\\\/wp-content\\\/uploads\\\/2025\\\/07\\\/Sylinterien-kaytto-ja-huolto-opas.pdf&quot;}\" style=\"cursor: pointer\" class=\"elementor-element elementor-element-1a8472b premium-wrapper-link-yes ekit-equal-height-disable elementor-widget elementor-widget-elementskit-icon-box\" data-id=\"1a8472b\" data-element_type=\"widget\" data-e-type=\"widget\" data-settings=\"{&quot;_animation&quot;:&quot;none&quot;,&quot;_animation_delay&quot;:600}\" data-widget_type=\"elementskit-icon-box.default\">\n\t\t\t\t<div class=\"elementor-widget-container\">\n\t\t\t\t\t<div class=\"ekit-wid-con\" >        <!-- link opening -->\n                <!-- end link opening -->\n\n        <div class=\"elementskit-infobox text-center text- icon-lef-right-aligin elementor-animation-float   \">\n                        <div class=\"box-body\">\n                            <h3 class=\"elementskit-info-box-title\">\n                    Sylinterien k\u00e4ytt\u00f6- ja huolto-opas                <\/h3>\n                                            <\/div>\n        \n        \n                <\/div>\n        <\/div>\t\t\t\t<\/div>\n\t\t\t\t<\/div>\n\t\t\t\t<div class=\"elementor-element elementor-element-771aa50 elementor-widget elementor-widget-image\" data-id=\"771aa50\" data-element_type=\"widget\" data-e-type=\"widget\" data-widget_type=\"image.default\">\n\t\t\t\t<div class=\"elementor-widget-container\">\n\t\t\t\t\t\t\t\t\t\t\t\t\t\t\t\t<a href=\"https:\/\/nuiapmt.ee\/wp-content\/uploads\/2025\/07\/Sylinterien-kaytto-ja-huolto-opas.pdf\" target=\"_blank\">\n\t\t\t\t\t\t\t<img fetchpriority=\"high\" decoding=\"async\" width=\"736\" height=\"1024\" src=\"https:\/\/nuiapmt.ee\/wp-content\/uploads\/2025\/07\/Sylinterien-kaytto-ja-huolto-opas-736x1024.png\" class=\"attachment-large size-large wp-image-3017\" alt=\"\" srcset=\"https:\/\/nuiapmt.ee\/wp-content\/uploads\/2025\/07\/Sylinterien-kaytto-ja-huolto-opas-736x1024.png 736w, https:\/\/nuiapmt.ee\/wp-content\/uploads\/2025\/07\/Sylinterien-kaytto-ja-huolto-opas-216x300.png 216w, https:\/\/nuiapmt.ee\/wp-content\/uploads\/2025\/07\/Sylinterien-kaytto-ja-huolto-opas-768x1068.png 768w, https:\/\/nuiapmt.ee\/wp-content\/uploads\/2025\/07\/Sylinterien-kaytto-ja-huolto-opas-1105x1536.png 1105w, https:\/\/nuiapmt.ee\/wp-content\/uploads\/2025\/07\/Sylinterien-kaytto-ja-huolto-opas.png 1221w\" sizes=\"(max-width: 736px) 100vw, 736px\" \/>\t\t\t\t\t\t\t\t<\/a>\n\t\t\t\t\t\t\t\t\t\t\t\t\t\t\t<\/div>\n\t\t\t\t<\/div>\n\t\t\t\t<\/div>\n\t\t<div class=\"elementor-element elementor-element-568419a e-con-full e-flex e-con e-child\" data-id=\"568419a\" data-element_type=\"container\" data-e-type=\"container\">\n\t\t\t\t<div data-premium-element-link=\"{&quot;type&quot;:&quot;url&quot;,&quot;link&quot;:{&quot;url&quot;:&quot;https:\\\/\\\/nuiapmt.ee\\\/wp-content\\\/uploads\\\/2025\\\/07\\\/Takuuehdot.pdf&quot;,&quot;is_external&quot;:&quot;on&quot;,&quot;nofollow&quot;:&quot;&quot;,&quot;custom_attributes&quot;:&quot;&quot;},&quot;href&quot;:&quot;https:\\\/\\\/nuiapmt.ee\\\/wp-content\\\/uploads\\\/2025\\\/07\\\/Takuuehdot.pdf&quot;}\" style=\"cursor: pointer\" class=\"elementor-element elementor-element-f0aa32e ekit-equal-height-enable premium-wrapper-link-yes elementor-widget elementor-widget-elementskit-icon-box\" data-id=\"f0aa32e\" data-element_type=\"widget\" data-e-type=\"widget\" data-settings=\"{&quot;_animation&quot;:&quot;none&quot;,&quot;_animation_delay&quot;:600}\" data-widget_type=\"elementskit-icon-box.default\">\n\t\t\t\t<div class=\"elementor-widget-container\">\n\t\t\t\t\t<div class=\"ekit-wid-con\" >        <!-- link opening -->\n                <!-- end link opening -->\n\n        <div class=\"elementskit-infobox text-center text- icon-lef-right-aligin elementor-animation-float   \">\n                        <div class=\"box-body\">\n                            <h3 class=\"elementskit-info-box-title\">\n                    Takuuehdot                <\/h3>\n                                            <\/div>\n        \n        \n                <\/div>\n        <\/div>\t\t\t\t<\/div>\n\t\t\t\t<\/div>\n\t\t\t\t<div class=\"elementor-element elementor-element-68b9962 elementor-widget elementor-widget-image\" data-id=\"68b9962\" data-element_type=\"widget\" data-e-type=\"widget\" data-widget_type=\"image.default\">\n\t\t\t\t<div class=\"elementor-widget-container\">\n\t\t\t\t\t\t\t\t\t\t\t\t\t\t\t\t<a href=\"https:\/\/nuiapmt.ee\/wp-content\/uploads\/2025\/07\/Takuuehdot.pdf\" target=\"_blank\">\n\t\t\t\t\t\t\t<img decoding=\"async\" width=\"723\" height=\"1024\" src=\"https:\/\/nuiapmt.ee\/wp-content\/uploads\/2025\/07\/Takuuehdot-723x1024.png\" class=\"attachment-large size-large wp-image-3014\" alt=\"\" srcset=\"https:\/\/nuiapmt.ee\/wp-content\/uploads\/2025\/07\/Takuuehdot-723x1024.png 723w, https:\/\/nuiapmt.ee\/wp-content\/uploads\/2025\/07\/Takuuehdot-212x300.png 212w, https:\/\/nuiapmt.ee\/wp-content\/uploads\/2025\/07\/Takuuehdot-768x1088.png 768w, https:\/\/nuiapmt.ee\/wp-content\/uploads\/2025\/07\/Takuuehdot-1085x1536.png 1085w, https:\/\/nuiapmt.ee\/wp-content\/uploads\/2025\/07\/Takuuehdot.png 1223w\" sizes=\"(max-width: 723px) 100vw, 723px\" \/>\t\t\t\t\t\t\t\t<\/a>\n\t\t\t\t\t\t\t\t\t\t\t\t\t\t\t<\/div>\n\t\t\t\t<\/div>\n\t\t\t\t<\/div>\n\t\t\t\t<\/div>\n\t\t\t\t<\/div>\n\t\t\t\t\t<\/div>\n\t\t\t\t<\/div>\n\t\t\t\t<\/div>\n\t\t","protected":false},"excerpt":{"rendered":"<p>Oikea k\u00e4ytt\u00f6 ja s\u00e4\u00e4nn\u00f6llinen huolto ovat hydraulisylinterien luotettavuuden ja pitk\u00e4n k\u00e4ytt\u00f6i\u00e4n perusta. Oppaat ja takuu T\u00e4rkeit\u00e4 asiakirjoja Sylinterien k\u00e4ytt\u00f6- ja huolto-opas Takuuehdot<\/p>\n","protected":false},"author":2,"featured_media":2480,"parent":0,"menu_order":0,"comment_status":"closed","ping_status":"closed","template":"","meta":{"_acf_changed":false,"footnotes":""},"class_list":["post-2532","page","type-page","status-publish","has-post-thumbnail","hentry"],"acf":[],"yoast_head":"<!-- This site is optimized with the Yoast SEO plugin v27.2 - https:\/\/yoast.com\/product\/yoast-seo-wordpress\/ -->\n<title>K\u00e4ytt\u00f6- ja huolto-ohjeet - Hy\u00f6dyllist\u00e4 tiet\u00e4\u00e4 | NuiaPMT<\/title>\n<meta name=\"description\" content=\"Hydraulisylinterien k\u00e4yt\u00e4nn\u00f6n oppaat, huoltosuositukset ja takuuehdot. Etsi vastauksia ja selvit\u00e4, miten voit pident\u00e4\u00e4 laitteidesi k\u00e4ytt\u00f6ik\u00e4\u00e4.\" \/>\n<meta name=\"robots\" content=\"index, follow, max-snippet:-1, max-image-preview:large, max-video-preview:-1\" \/>\n<link rel=\"canonical\" href=\"https:\/\/nuiapmt.ee\/fi\/hyodyllista-tietaa\/\" \/>\n<meta property=\"og:locale\" content=\"fi_FI\" \/>\n<meta property=\"og:type\" content=\"article\" \/>\n<meta property=\"og:title\" content=\"K\u00e4ytt\u00f6- ja huolto-ohjeet - Hy\u00f6dyllist\u00e4 tiet\u00e4\u00e4 | NuiaPMT\" \/>\n<meta property=\"og:description\" content=\"Hydraulisylinterien k\u00e4yt\u00e4nn\u00f6n oppaat, huoltosuositukset ja takuuehdot. Etsi vastauksia ja selvit\u00e4, miten voit pident\u00e4\u00e4 laitteidesi k\u00e4ytt\u00f6ik\u00e4\u00e4.\" \/>\n<meta property=\"og:url\" content=\"https:\/\/nuiapmt.ee\/fi\/hyodyllista-tietaa\/\" \/>\n<meta property=\"og:site_name\" content=\"NuiaPMT\" \/>\n<meta property=\"article:modified_time\" content=\"2025-08-13T11:54:00+00:00\" \/>\n<meta property=\"og:image\" content=\"https:\/\/nuiapmt.ee\/wp-content\/uploads\/2025\/06\/pilt-3-1.jpg\" \/>\n\t<meta property=\"og:image:width\" content=\"1118\" \/>\n\t<meta property=\"og:image:height\" content=\"848\" \/>\n\t<meta property=\"og:image:type\" content=\"image\/jpeg\" \/>\n<meta name=\"twitter:card\" content=\"summary_large_image\" \/>\n<meta name=\"twitter:label1\" content=\"Arvioitu lukuaika\" \/>\n\t<meta name=\"twitter:data1\" content=\"1 minuutti\" \/>\n<script type=\"application\/ld+json\" class=\"yoast-schema-graph\">{\"@context\":\"https:\/\/schema.org\",\"@graph\":[{\"@type\":\"WebPage\",\"@id\":\"https:\/\/nuiapmt.ee\/fi\/hyodyllista-tietaa\/\",\"url\":\"https:\/\/nuiapmt.ee\/fi\/hyodyllista-tietaa\/\",\"name\":\"K\u00e4ytt\u00f6- ja huolto-ohjeet - Hy\u00f6dyllist\u00e4 tiet\u00e4\u00e4 | NuiaPMT\",\"isPartOf\":{\"@id\":\"https:\/\/nuiapmt.ee\/fi\/#website\"},\"primaryImageOfPage\":{\"@id\":\"https:\/\/nuiapmt.ee\/fi\/hyodyllista-tietaa\/#primaryimage\"},\"image\":{\"@id\":\"https:\/\/nuiapmt.ee\/fi\/hyodyllista-tietaa\/#primaryimage\"},\"thumbnailUrl\":\"https:\/\/nuiapmt.ee\/wp-content\/uploads\/2025\/06\/pilt-3-1.jpg\",\"datePublished\":\"2025-06-02T10:05:06+00:00\",\"dateModified\":\"2025-08-13T11:54:00+00:00\",\"description\":\"Hydraulisylinterien k\u00e4yt\u00e4nn\u00f6n oppaat, huoltosuositukset ja takuuehdot. Etsi vastauksia ja selvit\u00e4, miten voit pident\u00e4\u00e4 laitteidesi k\u00e4ytt\u00f6ik\u00e4\u00e4.\",\"breadcrumb\":{\"@id\":\"https:\/\/nuiapmt.ee\/fi\/hyodyllista-tietaa\/#breadcrumb\"},\"inLanguage\":\"fi\",\"potentialAction\":[{\"@type\":\"ReadAction\",\"target\":[\"https:\/\/nuiapmt.ee\/fi\/hyodyllista-tietaa\/\"]}]},{\"@type\":\"ImageObject\",\"inLanguage\":\"fi\",\"@id\":\"https:\/\/nuiapmt.ee\/fi\/hyodyllista-tietaa\/#primaryimage\",\"url\":\"https:\/\/nuiapmt.ee\/wp-content\/uploads\/2025\/06\/pilt-3-1.jpg\",\"contentUrl\":\"https:\/\/nuiapmt.ee\/wp-content\/uploads\/2025\/06\/pilt-3-1.jpg\",\"width\":1118,\"height\":848,\"caption\":\"3D-joonis sinisest h\u00fcdrosilindrist, detailid ja lahtine esikate.\"},{\"@type\":\"BreadcrumbList\",\"@id\":\"https:\/\/nuiapmt.ee\/fi\/hyodyllista-tietaa\/#breadcrumb\",\"itemListElement\":[{\"@type\":\"ListItem\",\"position\":1,\"name\":\"Home\",\"item\":\"https:\/\/nuiapmt.ee\/fi\/\"},{\"@type\":\"ListItem\",\"position\":2,\"name\":\"Hy\u00f6dyllist\u00e4 tiet\u00e4\u00e4\"}]},{\"@type\":\"WebSite\",\"@id\":\"https:\/\/nuiapmt.ee\/fi\/#website\",\"url\":\"https:\/\/nuiapmt.ee\/fi\/\",\"name\":\"NuiaPMT\",\"description\":\"\",\"potentialAction\":[{\"@type\":\"SearchAction\",\"target\":{\"@type\":\"EntryPoint\",\"urlTemplate\":\"https:\/\/nuiapmt.ee\/fi\/?s={search_term_string}\"},\"query-input\":{\"@type\":\"PropertyValueSpecification\",\"valueRequired\":true,\"valueName\":\"search_term_string\"}}],\"inLanguage\":\"fi\"}]}<\/script>\n<!-- \/ Yoast SEO plugin. -->","yoast_head_json":{"title":"K\u00e4ytt\u00f6- ja huolto-ohjeet - Hy\u00f6dyllist\u00e4 tiet\u00e4\u00e4 | NuiaPMT","description":"Hydraulisylinterien k\u00e4yt\u00e4nn\u00f6n oppaat, huoltosuositukset ja takuuehdot. Etsi vastauksia ja selvit\u00e4, miten voit pident\u00e4\u00e4 laitteidesi k\u00e4ytt\u00f6ik\u00e4\u00e4.","robots":{"index":"index","follow":"follow","max-snippet":"max-snippet:-1","max-image-preview":"max-image-preview:large","max-video-preview":"max-video-preview:-1"},"canonical":"https:\/\/nuiapmt.ee\/fi\/hyodyllista-tietaa\/","og_locale":"fi_FI","og_type":"article","og_title":"K\u00e4ytt\u00f6- ja huolto-ohjeet - Hy\u00f6dyllist\u00e4 tiet\u00e4\u00e4 | NuiaPMT","og_description":"Hydraulisylinterien k\u00e4yt\u00e4nn\u00f6n oppaat, huoltosuositukset ja takuuehdot. Etsi vastauksia ja selvit\u00e4, miten voit pident\u00e4\u00e4 laitteidesi k\u00e4ytt\u00f6ik\u00e4\u00e4.","og_url":"https:\/\/nuiapmt.ee\/fi\/hyodyllista-tietaa\/","og_site_name":"NuiaPMT","article_modified_time":"2025-08-13T11:54:00+00:00","og_image":[{"width":1118,"height":848,"url":"https:\/\/nuiapmt.ee\/wp-content\/uploads\/2025\/06\/pilt-3-1.jpg","type":"image\/jpeg"}],"twitter_card":"summary_large_image","twitter_misc":{"Arvioitu lukuaika":"1 minuutti"},"schema":{"@context":"https:\/\/schema.org","@graph":[{"@type":"WebPage","@id":"https:\/\/nuiapmt.ee\/fi\/hyodyllista-tietaa\/","url":"https:\/\/nuiapmt.ee\/fi\/hyodyllista-tietaa\/","name":"K\u00e4ytt\u00f6- ja huolto-ohjeet - Hy\u00f6dyllist\u00e4 tiet\u00e4\u00e4 | NuiaPMT","isPartOf":{"@id":"https:\/\/nuiapmt.ee\/fi\/#website"},"primaryImageOfPage":{"@id":"https:\/\/nuiapmt.ee\/fi\/hyodyllista-tietaa\/#primaryimage"},"image":{"@id":"https:\/\/nuiapmt.ee\/fi\/hyodyllista-tietaa\/#primaryimage"},"thumbnailUrl":"https:\/\/nuiapmt.ee\/wp-content\/uploads\/2025\/06\/pilt-3-1.jpg","datePublished":"2025-06-02T10:05:06+00:00","dateModified":"2025-08-13T11:54:00+00:00","description":"Hydraulisylinterien k\u00e4yt\u00e4nn\u00f6n oppaat, huoltosuositukset ja takuuehdot. Etsi vastauksia ja selvit\u00e4, miten voit pident\u00e4\u00e4 laitteidesi k\u00e4ytt\u00f6ik\u00e4\u00e4.","breadcrumb":{"@id":"https:\/\/nuiapmt.ee\/fi\/hyodyllista-tietaa\/#breadcrumb"},"inLanguage":"fi","potentialAction":[{"@type":"ReadAction","target":["https:\/\/nuiapmt.ee\/fi\/hyodyllista-tietaa\/"]}]},{"@type":"ImageObject","inLanguage":"fi","@id":"https:\/\/nuiapmt.ee\/fi\/hyodyllista-tietaa\/#primaryimage","url":"https:\/\/nuiapmt.ee\/wp-content\/uploads\/2025\/06\/pilt-3-1.jpg","contentUrl":"https:\/\/nuiapmt.ee\/wp-content\/uploads\/2025\/06\/pilt-3-1.jpg","width":1118,"height":848,"caption":"3D-joonis sinisest h\u00fcdrosilindrist, detailid ja lahtine esikate."},{"@type":"BreadcrumbList","@id":"https:\/\/nuiapmt.ee\/fi\/hyodyllista-tietaa\/#breadcrumb","itemListElement":[{"@type":"ListItem","position":1,"name":"Home","item":"https:\/\/nuiapmt.ee\/fi\/"},{"@type":"ListItem","position":2,"name":"Hy\u00f6dyllist\u00e4 tiet\u00e4\u00e4"}]},{"@type":"WebSite","@id":"https:\/\/nuiapmt.ee\/fi\/#website","url":"https:\/\/nuiapmt.ee\/fi\/","name":"NuiaPMT","description":"","potentialAction":[{"@type":"SearchAction","target":{"@type":"EntryPoint","urlTemplate":"https:\/\/nuiapmt.ee\/fi\/?s={search_term_string}"},"query-input":{"@type":"PropertyValueSpecification","valueRequired":true,"valueName":"search_term_string"}}],"inLanguage":"fi"}]}},"_links":{"self":[{"href":"https:\/\/nuiapmt.ee\/fi\/wp-json\/wp\/v2\/pages\/2532","targetHints":{"allow":["GET"]}}],"collection":[{"href":"https:\/\/nuiapmt.ee\/fi\/wp-json\/wp\/v2\/pages"}],"about":[{"href":"https:\/\/nuiapmt.ee\/fi\/wp-json\/wp\/v2\/types\/page"}],"author":[{"embeddable":true,"href":"https:\/\/nuiapmt.ee\/fi\/wp-json\/wp\/v2\/users\/2"}],"replies":[{"embeddable":true,"href":"https:\/\/nuiapmt.ee\/fi\/wp-json\/wp\/v2\/comments?post=2532"}],"version-history":[{"count":30,"href":"https:\/\/nuiapmt.ee\/fi\/wp-json\/wp\/v2\/pages\/2532\/revisions"}],"predecessor-version":[{"id":3497,"href":"https:\/\/nuiapmt.ee\/fi\/wp-json\/wp\/v2\/pages\/2532\/revisions\/3497"}],"wp:featuredmedia":[{"embeddable":true,"href":"https:\/\/nuiapmt.ee\/fi\/wp-json\/wp\/v2\/media\/2480"}],"wp:attachment":[{"href":"https:\/\/nuiapmt.ee\/fi\/wp-json\/wp\/v2\/media?parent=2532"}],"curies":[{"name":"wp","href":"https:\/\/api.w.org\/{rel}","templated":true}]}}